{"id":3958,"date":"2025-09-01T16:23:56","date_gmt":"2025-09-01T19:23:56","guid":{"rendered":"https:\/\/tmabrasil.org\/evento\/?page_id=3958"},"modified":"2025-09-18T18:21:01","modified_gmt":"2025-09-18T21:21:01","slug":"sobre-o-evento","status":"publish","type":"page","link":"https:\/\/tmabrasil.org\/evento\/sobre-o-evento\/","title":{"rendered":"Sobre o evento"},"content":{"rendered":"\t\t<div data-elementor-type=\"wp-page\" data-elementor-id=\"3958\" class=\"elementor elementor-3958\" data-elementor-post-type=\"page\">\n\t\t\t\t\t\t<section class=\"elementor-section elementor-top-section elementor-element elementor-element-26bfb5a6 elementor-section-boxed elementor-section-height-default elementor-section-height-default\" data-id=\"26bfb5a6\" data-element_type=\"section\" data-e-type=\"section\" data-settings=\"{&quot;background_background&quot;:&quot;classic&quot;}\">\n\t\t\t\t\t\t\t<div class=\"elementor-background-overlay\"><\/div>\n\t\t\t\t\t\t\t<div class=\"elementor-container elementor-column-gap-default\">\n\t\t\t\t\t<div class=\"elementor-column elementor-col-100 elementor-top-column elementor-element elementor-element-e2fe3a9\" data-id=\"e2fe3a9\" data-element_type=\"column\" data-e-type=\"column\">\n\t\t\t<div class=\"elementor-widget-wrap elementor-element-populated\">\n\t\t\t\t\t\t<div class=\"elementor-element elementor-element-436f5d56 elementor-invisible elementor-widget elementor-widget-heading\" data-id=\"436f5d56\" data-element_type=\"widget\" data-e-type=\"widget\" data-settings=\"{&quot;_animation_tablet&quot;:&quot;fadeInUp&quot;,&quot;_animation&quot;:&quot;fadeInUp&quot;}\" data-widget_type=\"heading.default\">\n\t\t\t\t<div class=\"elementor-widget-container\">\n\t\t\t\t\t<h2 class=\"elementor-heading-title elementor-size-default\">O Evento<\/h2>\t\t\t\t<\/div>\n\t\t\t\t<\/div>\n\t\t\t\t<div class=\"elementor-element elementor-element-4c379e4f elementor-icon-list--layout-inline elementor-align-center animated-slow elementor-list-item-link-full_width elementor-invisible elementor-widget elementor-widget-icon-list\" data-id=\"4c379e4f\" data-element_type=\"widget\" data-e-type=\"widget\" data-settings=\"{&quot;_animation_tablet&quot;:&quot;fadeInUp&quot;,&quot;_animation&quot;:&quot;fadeIn&quot;}\" data-widget_type=\"icon-list.default\">\n\t\t\t\t<div class=\"elementor-widget-container\">\n\t\t\t\t\t\t\t<ul class=\"elementor-icon-list-items elementor-inline-items\">\n\t\t\t\t\t\t\t<li class=\"elementor-icon-list-item elementor-inline-item\">\n\t\t\t\t\t\t\t\t\t\t<span class=\"elementor-icon-list-text\">Congresso 2025<\/span>\n\t\t\t\t\t\t\t\t\t<\/li>\n\t\t\t\t\t\t\t\t<li class=\"elementor-icon-list-item elementor-inline-item\">\n\t\t\t\t\t\t\t\t\t\t<span class=\"elementor-icon-list-text\">O Evento<\/span>\n\t\t\t\t\t\t\t\t\t<\/li>\n\t\t\t\t\t\t<\/ul>\n\t\t\t\t\t\t<\/div>\n\t\t\t\t<\/div>\n\t\t\t\t\t<\/div>\n\t\t<\/div>\n\t\t\t\t\t<\/div>\n\t\t<\/section>\n\t\t<div class=\"elementor-element elementor-element-75b2285 e-flex e-con-boxed e-con e-parent\" data-id=\"75b2285\" data-element_type=\"container\" data-e-type=\"container\">\n\t\t\t\t\t<div class=\"e-con-inner\">\n\t\t\t\t<div class=\"elementor-element elementor-element-8117cca elementor-absolute elementor-hidden-tablet elementor-hidden-mobile elementor-widget elementor-widget-html\" data-id=\"8117cca\" data-element_type=\"widget\" data-e-type=\"widget\" data-settings=\"{&quot;_position&quot;:&quot;absolute&quot;,&quot;sticky&quot;:&quot;top&quot;,&quot;sticky_on&quot;:[&quot;desktop&quot;,&quot;tablet&quot;,&quot;mobile&quot;],&quot;sticky_offset&quot;:0,&quot;sticky_effects_offset&quot;:0,&quot;sticky_anchor_link_offset&quot;:0}\" data-widget_type=\"html.default\">\n\t\t\t\t<div class=\"elementor-widget-container\">\n\t\t\t\t\t<div class=\"video-bg-container\">\n  <video autoplay muted loop playsinline class=\"video-bg\">\n    <source src=\"https:\/\/tmabrasil.org\/evento\/wp-content\/uploads\/2025\/09\/1920x1080-1.mp4\" type=\"video\/mp4\">\n    Seu navegador n\u00e3o suporta v\u00eddeo em HTML5.\n  <\/video>\n<\/div>\t\t\t\t<\/div>\n\t\t\t\t<\/div>\n\t\t<div class=\"elementor-element elementor-element-a2ab57c e-flex e-con-boxed e-con e-child\" data-id=\"a2ab57c\" data-element_type=\"container\" data-e-type=\"container\" data-settings=\"{&quot;background_background&quot;:&quot;classic&quot;}\">\n\t\t\t\t\t<div class=\"e-con-inner\">\n\t\t<div class=\"elementor-element elementor-element-443fb0c e-con-full e-flex elementor-invisible e-con e-child\" data-id=\"443fb0c\" data-element_type=\"container\" data-e-type=\"container\" data-settings=\"{&quot;animation&quot;:&quot;fadeInUp&quot;}\">\n\t\t<div class=\"elementor-element elementor-element-1f2033b e-con-full e-flex e-con e-child\" data-id=\"1f2033b\" data-element_type=\"container\" data-e-type=\"container\">\n\t\t\t\t<div class=\"elementor-element elementor-element-ffc4c34 elementor-widget__width-auto elementor-widget-mobile__width-auto elementor-widget elementor-widget-heading\" data-id=\"ffc4c34\" data-element_type=\"widget\" data-e-type=\"widget\" data-widget_type=\"heading.default\">\n\t\t\t\t<div class=\"elementor-widget-container\">\n\t\t\t\t\t<h6 class=\"elementor-heading-title elementor-size-default\">Evento TMA Brasil 2025<\/h6>\t\t\t\t<\/div>\n\t\t\t\t<\/div>\n\t\t\t\t<div class=\"elementor-element elementor-element-fad3743 elementor-widget elementor-widget-heading\" data-id=\"fad3743\" data-element_type=\"widget\" data-e-type=\"widget\" data-widget_type=\"heading.default\">\n\t\t\t\t<div class=\"elementor-widget-container\">\n\t\t\t\t\t<h3 class=\"elementor-heading-title elementor-size-default\">XVII Congresso de Reestrutura\u00e7\u00e3o e Recupera\u00e7\u00e3o de Empresa<\/h3>\t\t\t\t<\/div>\n\t\t\t\t<\/div>\n\t\t\t\t<\/div>\n\t\t\t\t<\/div>\n\t\t<div class=\"elementor-element elementor-element-2b88705 e-con-full e-flex elementor-invisible e-con e-child\" data-id=\"2b88705\" data-element_type=\"container\" data-e-type=\"container\" data-settings=\"{&quot;animation&quot;:&quot;fadeInUp&quot;}\">\n\t\t<div class=\"elementor-element elementor-element-fbf1e05 e-con-full e-flex e-con e-child\" data-id=\"fbf1e05\" data-element_type=\"container\" data-e-type=\"container\">\n\t\t\t\t<div class=\"elementor-element elementor-element-1a28cf9 elementor-widget__width-initial elementor-widget elementor-widget-text-editor\" data-id=\"1a28cf9\" data-element_type=\"widget\" data-e-type=\"widget\" data-widget_type=\"text-editor.default\">\n\t\t\t\t<div class=\"elementor-widget-container\">\n\t\t\t\t\t\t\t\t\t<p><span style=\"font-weight: 500;\">O Congresso TMA Brasil \u00e9 o evento refer\u00eancia na \u00e1rea de reestrutura\u00e7\u00e3o e recupera\u00e7\u00e3o empresarial, de vi\u00e9s multidisciplinar. Neste ano em sua 17\u00aa edi\u00e7\u00e3o, esperamos reunir mais uma vez um p\u00fablico seleto e especializado, compreendendo renomados profissionais da \u00e1rea engajados na gera\u00e7\u00e3o de valor nos processos de reestrutura\u00e7\u00e3o, recupera\u00e7\u00e3o ou de liquida\u00e7\u00e3o de empresas, com a presen\u00e7a de palestrantes brasileiros e estrangeiros.<\/span><\/p><p><span style=\"font-weight: 500;\">Essa edi\u00e7\u00e3o conta com dois dias h\u00edbridos de evento; ou seja com p\u00fablico presente no Hotel Grand Hyatt SP e para aqueles que n\u00e3o puderem ir presencialmente tamb\u00e9m poder\u00e3o acompanhar online . O Acesso digital ser\u00e1 por meio de uma plataforma digital exclusiva para levar conte\u00fado aos participantes, dentre os quais administradores, gestores, investidores, financiadores, advogados, consultores, contabilistas, assessores, magistrados, promotores, administradores judiciais, professores e estudantes.<\/span><\/p><p><span style=\"font-weight: 500;\">O Congresso cont\u00e9m, al\u00e9m da intera\u00e7\u00e3o online, o bom e velho networking do encontro presencial, que favorecer\u00e3o um ambiente adequado para o debate de temas atuais de reestrutura\u00e7\u00e3o, investimentos, gest\u00e3o e governan\u00e7a, entre outros assuntos, visando sempre a inovar e a debater as melhores pr\u00e1ticas de turnaround dentro das perspectivas econ\u00f4micas e pol\u00edticas do pa\u00eds e do mundo. <\/span><\/p><ul><li><strong>Data: <b>03 e 04 de Novembro de 2025 das 08h00 \u00e0s 22h30<br \/><\/b><\/strong><\/li><li><strong>Local: Hotel Grand Hyatt S\u00e3o Paulo<br \/><\/strong>\u00a0 \u00a0 \u00a0 \u00a0Av. das Na\u00e7\u00f5es Unidas, 13.301 &#8211; Itaim Bibi, S\u00e3o Paulo &#8211; SP, 04578-000<strong><br \/><\/strong><\/li><\/ul>\t\t\t\t\t\t\t\t<\/div>\n\t\t\t\t<\/div>\n\t\t\t\t<div class=\"elementor-element elementor-element-75ecf72 elementor-widget__width-initial elementor-widget elementor-widget-text-editor\" data-id=\"75ecf72\" data-element_type=\"widget\" data-e-type=\"widget\" data-widget_type=\"text-editor.default\">\n\t\t\t\t<div class=\"elementor-widget-container\">\n\t\t\t\t\t\t\t\t\t<p>N\u00e3o perca a chance de se conectar com quem transforma<br \/>desafios em oportunidades.<\/p>\t\t\t\t\t\t\t\t<\/div>\n\t\t\t\t<\/div>\n\t\t\t\t<\/div>\n\t\t\t\t<\/div>\n\t\t<div class=\"elementor-element elementor-element-04949ed e-con-full e-flex elementor-invisible e-con e-child\" data-id=\"04949ed\" data-element_type=\"container\" data-e-type=\"container\" data-settings=\"{&quot;animation&quot;:&quot;slideInUp&quot;}\">\n\t\t<div class=\"elementor-element elementor-element-8e59abf e-con-full e-flex e-con e-child\" data-id=\"8e59abf\" data-element_type=\"container\" data-e-type=\"container\">\n\t\t\t\t<div class=\"elementor-element elementor-element-2e16354 elementor-align-left elementor-widget__width-auto elementor-mobile-align-justify elementor-widget elementor-widget-button\" data-id=\"2e16354\" data-element_type=\"widget\" data-e-type=\"widget\" data-widget_type=\"button.default\">\n\t\t\t\t<div class=\"elementor-widget-container\">\n\t\t\t\t\t\t\t\t\t<div class=\"elementor-button-wrapper\">\n\t\t\t\t\t<a class=\"elementor-button elementor-button-link elementor-size-sm\" href=\"https:\/\/sistema.tmabrasil.org\/AreaAssociados\/Eventos\/EventoDetalhe\/Index\/4824\">\n\t\t\t\t\t\t<span class=\"elementor-button-content-wrapper\">\n\t\t\t\t\t\t<span class=\"elementor-button-icon\">\n\t\t\t\t<svg aria-hidden=\"true\" class=\"e-font-icon-svg e-fas-ticket-alt\" viewBox=\"0 0 576 512\" xmlns=\"http:\/\/www.w3.org\/2000\/svg\"><path d=\"M128 160h320v192H128V160zm400 96c0 26.51 21.49 48 48 48v96c0 26.51-21.49 48-48 48H48c-26.51 0-48-21.49-48-48v-96c26.51 0 48-21.49 48-48s-21.49-48-48-48v-96c0-26.51 21.49-48 48-48h480c26.51 0 48 21.49 48 48v96c-26.51 0-48 21.49-48 48zm-48-104c0-13.255-10.745-24-24-24H120c-13.255 0-24 10.745-24 24v208c0 13.255 10.745 24 24 24h336c13.255 0 24-10.745 24-24V152z\"><\/path><\/svg>\t\t\t<\/span>\n\t\t\t\t\t\t\t\t\t<span class=\"elementor-button-text\">Inscreva-se<\/span>\n\t\t\t\t\t<\/span>\n\t\t\t\t\t<\/a>\n\t\t\t\t<\/div>\n\t\t\t\t\t\t\t\t<\/div>\n\t\t\t\t<\/div>\n\t\t\t\t<div class=\"elementor-element elementor-element-c53bb9d elementor-align-left elementor-widget__width-auto elementor-widget elementor-widget-button\" data-id=\"c53bb9d\" data-element_type=\"widget\" data-e-type=\"widget\" data-widget_type=\"button.default\">\n\t\t\t\t<div class=\"elementor-widget-container\">\n\t\t\t\t\t\t\t\t\t<div class=\"elementor-button-wrapper\">\n\t\t\t\t\t<a class=\"elementor-button elementor-button-link elementor-size-sm\" href=\"https:\/\/maps.app.goo.gl\/H7NGUPySaGzAd5DF9\">\n\t\t\t\t\t\t<span class=\"elementor-button-content-wrapper\">\n\t\t\t\t\t\t<span class=\"elementor-button-icon\">\n\t\t\t\t<svg aria-hidden=\"true\" class=\"e-font-icon-svg e-fas-angle-right\" viewBox=\"0 0 256 512\" xmlns=\"http:\/\/www.w3.org\/2000\/svg\"><path d=\"M224.3 273l-136 136c-9.4 9.4-24.6 9.4-33.9 0l-22.6-22.6c-9.4-9.4-9.4-24.6 0-33.9l96.4-96.4-96.4-96.4c-9.4-9.4-9.4-24.6 0-33.9L54.3 103c9.4-9.4 24.6-9.4 33.9 0l136 136c9.5 9.4 9.5 24.6.1 34z\"><\/path><\/svg>\t\t\t<\/span>\n\t\t\t\t\t\t\t\t\t<span class=\"elementor-button-text\">localiza\u00e7\u00e3o<\/span>\n\t\t\t\t\t<\/span>\n\t\t\t\t\t<\/a>\n\t\t\t\t<\/div>\n\t\t\t\t\t\t\t\t<\/div>\n\t\t\t\t<\/div>\n\t\t\t\t<\/div>\n\t\t\t\t<\/div>\n\t\t\t\t\t<\/div>\n\t\t\t\t<\/div>\n\t\t\t\t\t<\/div>\n\t\t\t\t<\/div>\n\t\t\t\t<\/div>\n\t\t","protected":false},"excerpt":{"rendered":"<p>O Evento Congresso 2025 O Evento Seu navegador n\u00e3o suporta v\u00eddeo em HTML5. Evento TMA Brasil 2025 XVII Congresso de Reestrutura\u00e7\u00e3o e Recupera\u00e7\u00e3o de Empresa O Congresso TMA Brasil \u00e9 o evento refer\u00eancia na \u00e1rea de reestrutura\u00e7\u00e3o e recupera\u00e7\u00e3o empresarial, de vi\u00e9s multidisciplinar. Neste ano em sua 17\u00aa edi\u00e7\u00e3o, esperamos reunir mais uma vez um [&hellip;]<\/p>\n","protected":false},"author":1,"featured_media":0,"parent":0,"menu_order":0,"comment_status":"closed","ping_status":"closed","template":"","meta":{"footnotes":""},"class_list":["post-3958","page","type-page","status-publish","hentry"],"_links":{"self":[{"href":"https:\/\/tmabrasil.org\/evento\/wp-json\/wp\/v2\/pages\/3958","targetHints":{"allow":["GET"]}}],"collection":[{"href":"https:\/\/tmabrasil.org\/evento\/wp-json\/wp\/v2\/pages"}],"about":[{"href":"https:\/\/tmabrasil.org\/evento\/wp-json\/wp\/v2\/types\/page"}],"author":[{"embeddable":true,"href":"https:\/\/tmabrasil.org\/evento\/wp-json\/wp\/v2\/users\/1"}],"replies":[{"embeddable":true,"href":"https:\/\/tmabrasil.org\/evento\/wp-json\/wp\/v2\/comments?post=3958"}],"version-history":[{"count":9,"href":"https:\/\/tmabrasil.org\/evento\/wp-json\/wp\/v2\/pages\/3958\/revisions"}],"predecessor-version":[{"id":4438,"href":"https:\/\/tmabrasil.org\/evento\/wp-json\/wp\/v2\/pages\/3958\/revisions\/4438"}],"wp:attachment":[{"href":"https:\/\/tmabrasil.org\/evento\/wp-json\/wp\/v2\/media?parent=3958"}],"curies":[{"name":"wp","href":"https:\/\/api.w.org\/{rel}","templated":true}]}}